{"id":3822,"date":"2024-08-13T10:16:16","date_gmt":"2024-08-13T08:16:16","guid":{"rendered":"https:\/\/www.seedup.ch\/services\/"},"modified":"2025-06-18T10:49:27","modified_gmt":"2025-06-18T08:49:27","slug":"services","status":"publish","type":"page","link":"https:\/\/www.seedup.ch\/fr\/services\/","title":{"rendered":"Services"},"content":{"rendered":"\n<section id=\"financing-matters\" class=\"wp-block-group is-style-section\"><div class=\"wp-bootstrap-blocks-row row is-style-space-between\">\n\t\n\n<div class=\"col-12 col-md-6 col-lg-5\">\n\t\t\t<div class=\"h-100 d-flex flex-column justify-content-center\">\n\t\t\t\n\n<h2 class=\"wp-block-heading\">Financement<\/h2>\n\n\n\n<p>De la lettre d&rsquo;intention \u00e0 la cl\u00f4ture de la lev\u00e9e de fonds, nous sommes l\u00e0 pour vous accompagner \u00e0 chaque \u00e9tape.<\/p>\n\n\n\n<ul class=\"wp-block-list is-style-checklist\">\n<li>NDA<\/li>\n\n\n\n<li>Captable &amp; Lettre d&rsquo;intention<\/li>\n\n\n\n<li>Pr\u00eat convertible \/ SAFE<\/li>\n\n\n\n<li>Contrat d&rsquo;investissement \/ Convention d&rsquo;actionnaires<\/li>\n<\/ul>\n\n\n\n<div class=\"wp-block-buttons is-layout-flex wp-block-buttons-is-layout-flex\">\n<div class=\"wp-block-button is-style-arrow-link\"><a class=\"wp-block-button__link wp-element-button\" href=\"https:\/\/www.seedup.ch\/fr\/contact\/\">Contactez-nous<\/a><\/div>\n<\/div>\n\n\t\t<\/div>\n\t<\/div>\n\n\n\n<div class=\"col-12 col-md-6\">\n\t\t\t<div class=\"h-100 d-flex flex-column justify-content-center\">\n\t\t\t\n\n<figure class=\"wp-block-image size-full\"><img decoding=\"async\" src=\"https:\/\/www.seedup.ch\/app\/uploads\/2024\/08\/financing-matters-2.svg\" alt=\"\" class=\"wp-image-1400\"\/><\/figure>\n\n\t\t<\/div>\n\t<\/div>\n\n<\/div>\n<\/section>\n\n\n\n<section id=\"corporate-matters-governance\" class=\"wp-block-group is-style-section\"><div class=\"wp-bootstrap-blocks-row row is-style-space-between mobile-reverse\">\n\t\n\n<div class=\"col-12 col-md-6\">\n\t\t\t<div class=\"h-100 d-flex flex-column justify-content-center\">\n\t\t\t\n\n<figure class=\"wp-block-image size-full\"><img decoding=\"async\" src=\"https:\/\/www.seedup.ch\/app\/uploads\/2024\/08\/corporate-matters-governance.svg\" alt=\"\" class=\"wp-image-1398\"\/><\/figure>\n\n\t\t<\/div>\n\t<\/div>\n\n\n\n<div class=\"col-12 col-md-6 col-lg-5\">\n\t\t\t<div class=\"h-100 d-flex flex-column justify-content-center\">\n\t\t\t\n\n<h2 class=\"wp-block-heading\">Corporate Housekeeping et Gouvernance<\/h2>\n\n\n\n<p>Veillant \u00e0 ce que la structure et la gouvernance de votre entreprise soient solides, nous offrons un soutien complet, de la fondation au conseil continu et \u00e0 la gestion de la documentation.<\/p>\n\n\n\n<ul class=\"wp-block-list is-style-checklist\">\n<li>Aide \u00e0 la fondation et Convention entre fondateurs<\/li>\n\n\n\n<li>Gouvernance de la soci\u00e9t\u00e9<\/li>\n\n\n\n<li>Assistance en lien avec le registre du commerce et les notaires<\/li>\n\n\n\n<li>Documentation en relation avec les transferts d&rsquo;actions<\/li>\n<\/ul>\n\n\n\n<div class=\"wp-block-buttons is-layout-flex wp-block-buttons-is-layout-flex\">\n<div class=\"wp-block-button is-style-arrow-link\"><a class=\"wp-block-button__link wp-element-button\" href=\"https:\/\/www.seedup.ch\/fr\/contact\/\">Contactez-nous<\/a><\/div>\n<\/div>\n\n\t\t<\/div>\n\t<\/div>\n\n<\/div>\n<\/section>\n\n\n\n<section id=\"human-resources-matters\" class=\"wp-block-group is-style-section\"><div class=\"wp-bootstrap-blocks-row row is-style-space-between\">\n\t\n\n<div class=\"col-12 col-md-6 col-lg-5\">\n\t\t\t<div class=\"h-100 d-flex flex-column justify-content-center\">\n\t\t\t\n\n<h2 class=\"wp-block-heading\">Ressources humaines<\/h2>\n\n\n\n<p>De la r\u00e9daction des contrats de travail \u00e0 la conception de plans d&rsquo;int\u00e9ressement sur mesure, nous offrons un soutien continu pour garantir que tous vos besoins en ressources humaines soient g\u00e9r\u00e9s de mani\u00e8re fluide.<\/p>\n\n\n\n<ul class=\"wp-block-list is-style-checklist\">\n<li>Contrats de travail<\/li>\n\n\n\n<li>Contrat de membre du conseil<\/li>\n\n\n\n<li>Contrat de service \/ de consultant<\/li>\n\n\n\n<li>Plan d&rsquo;int\u00e9ressement (stock option, share plan, phantom plans)<\/li>\n<\/ul>\n\n\n\n<div class=\"wp-block-buttons is-layout-flex wp-block-buttons-is-layout-flex\">\n<div class=\"wp-block-button is-style-arrow-link\"><a class=\"wp-block-button__link wp-element-button\" href=\"https:\/\/www.seedup.ch\/fr\/contact\/\">Contactez-nous<\/a><\/div>\n<\/div>\n\n\t\t<\/div>\n\t<\/div>\n\n\n\n<div class=\"col-12 col-md-6\">\n\t\t\t<div class=\"h-100 d-flex flex-column justify-content-center\">\n\t\t\t\n\n<figure class=\"wp-block-image size-full\"><img decoding=\"async\" src=\"https:\/\/www.seedup.ch\/app\/uploads\/2024\/08\/human-resources-matters.svg\" alt=\"\" class=\"wp-image-1404\"\/><\/figure>\n\n\t\t<\/div>\n\t<\/div>\n\n<\/div>\n<\/section>\n\n\n\n<section id=\"general-legal-services\" class=\"wp-block-group is-style-section\"><div class=\"wp-bootstrap-blocks-row row is-style-space-between mobile-reverse\">\n\t\n\n<div class=\"col-12 col-md-6\">\n\t\t\t<div class=\"h-100 d-flex flex-column justify-content-center\">\n\t\t\t\n\n<figure class=\"wp-block-image size-full\"><img decoding=\"async\" src=\"https:\/\/www.seedup.ch\/app\/uploads\/2024\/08\/general-legal-services.svg\" alt=\"\" class=\"wp-image-1402\"\/><\/figure>\n\n\t\t<\/div>\n\t<\/div>\n\n\n\n<div class=\"col-12 col-md-6 col-lg-5\">\n\t\t\t<div class=\"h-100 d-flex flex-column justify-content-center\">\n\t\t\t\n\n<h2 class=\"wp-block-heading\">Services juridiques g\u00e9n\u00e9raux<\/h2>\n\n\n\n<p>Nous offrons un soutien juridique continu sans facturation horaire, vous garantissant un conseil expert disponible \u00e0 tout moment.<\/p>\n\n\n\n<ul class=\"wp-block-list is-style-checklist\">\n<li>Service juridique externe<\/li>\n\n\n\n<li>Avocats passionn\u00e9s et experts<\/li>\n\n\n\n<li>Accompagnement sur mesure<\/li>\n\n\n\n<li>Soutien complet<\/li>\n<\/ul>\n\n\n\n<div class=\"wp-block-buttons is-layout-flex wp-block-buttons-is-layout-flex\">\n<div class=\"wp-block-button is-style-arrow-link\"><a class=\"wp-block-button__link wp-element-button\" href=\"https:\/\/www.seedup.ch\/fr\/contact\/\">Contactez-nous<\/a><\/div>\n<\/div>\n\n\t\t<\/div>\n\t<\/div>\n\n<\/div>\n<\/section>\n","protected":false},"excerpt":{"rendered":"","protected":false},"author":1,"featured_media":0,"parent":0,"menu_order":0,"comment_status":"closed","ping_status":"closed","template":"","meta":{"_acf_changed":false,"footnotes":""},"class_list":["post-3822","page","type-page","status-publish","hentry"],"acf":[],"aioseo_notices":[],"_links":{"self":[{"href":"https:\/\/www.seedup.ch\/fr\/wp-json\/wp\/v2\/pages\/3822","targetHints":{"allow":["GET"]}}],"collection":[{"href":"https:\/\/www.seedup.ch\/fr\/wp-json\/wp\/v2\/pages"}],"about":[{"href":"https:\/\/www.seedup.ch\/fr\/wp-json\/wp\/v2\/types\/page"}],"author":[{"embeddable":true,"href":"https:\/\/www.seedup.ch\/fr\/wp-json\/wp\/v2\/users\/1"}],"replies":[{"embeddable":true,"href":"https:\/\/www.seedup.ch\/fr\/wp-json\/wp\/v2\/comments?post=3822"}],"version-history":[{"count":6,"href":"https:\/\/www.seedup.ch\/fr\/wp-json\/wp\/v2\/pages\/3822\/revisions"}],"predecessor-version":[{"id":4818,"href":"https:\/\/www.seedup.ch\/fr\/wp-json\/wp\/v2\/pages\/3822\/revisions\/4818"}],"wp:attachment":[{"href":"https:\/\/www.seedup.ch\/fr\/wp-json\/wp\/v2\/media?parent=3822"}],"curies":[{"name":"wp","href":"https:\/\/api.w.org\/{rel}","templated":true}]}}