{"id":3736,"date":"2024-08-13T10:30:07","date_gmt":"2024-08-13T08:30:07","guid":{"rendered":"https:\/\/www.seedup.ch\/pricing\/"},"modified":"2025-06-18T10:49:33","modified_gmt":"2025-06-18T08:49:33","slug":"tarification","status":"publish","type":"page","link":"https:\/\/www.seedup.ch\/fr\/tarification\/","title":{"rendered":"Tarification"},"content":{"rendered":"\n<section class=\"wp-block-group is-style-section\"><div class=\"wp-bootstrap-blocks-row row justify-content-center\">\n\t\n\n<div class=\"col-12 col-md-8\">\n\t\t\t\n\n<h2 class=\"wp-block-heading has-text-align-center\">Services juridiques<\/h2>\n\n\n\n<p class=\"has-text-align-center\" style=\"margin-bottom:50px\">Nous alignons nos int\u00e9r\u00eats sur les v\u00f4tres et prenons le risque ensemble.<\/p>\n\n\t<\/div>\n\n<\/div>\n\n\n\n            <div class=\"row\">\n            <div class=\"col-xl-10 offset-xl-1\">\n                <div class=\"price-tables-container \"  style=\"\">\n                    <div class=\"row\">\n                                                    <div class=\"col-lg-6\">\n                                <div class=\"price-table card\">\n                                    <h3>Standard<\/h3>\n                                                                            <div class=\"row price-table-services-list\">\n                                                                                            <div class=\"col-6\">\n                                                    <div class=\"price-table-service\">\n                                                                                                                    <img decoding=\"async\" src=\"https:\/\/www.seedup.ch\/app\/uploads\/2024\/09\/calendar.svg\" alt=\"\" \/>\n                                                                                                                <h4>\n                                                            Frais mensuels                                                            <span class=\"note-ref\">[1]<\/span>                                                        <\/h4>\n                                                                                                                    <span class=\"relation-mark\">+<\/span>\n                                                                                                            <\/div>\n                                                <\/div>\n                                                                                            <div class=\"col-6\">\n                                                    <div class=\"price-table-service\">\n                                                                                                                    <img decoding=\"async\" src=\"https:\/\/www.seedup.ch\/app\/uploads\/2024\/09\/funds.svg\" alt=\"\" \/>\n                                                                                                                <h4>\n                                                            Part variable sur les fonds lev\u00e9s                                                            <span class=\"note-ref\">[1]<\/span>                                                        <\/h4>\n                                                                                                            <\/div>\n                                                <\/div>\n                                                                                    <\/div>\n                                                                        <div class=\"price-table-content\">\n                                        <ul>\n<li>Aspects de financement (data room, NDAs, lev\u00e9es de fonds)<\/li>\n<li>Structure de l&rsquo;entreprise<\/li>\n<li>Gouvernance (corporate housekeepig, transfert d&rsquo;actions)<\/li>\n<li>Questions RH (ESOP, contrats de travail\/de services, etc.)<\/li>\n<li>Autres questions juridiques g\u00e9n\u00e9rales<\/li>\n<\/ul>\n                                                                                    <a class=\"btn\" href=\"mailto:info@seedup.ch\" target=\"_self\">Nous contacter<\/a>\n                                                                            <\/div>\n                                <\/div>\n                            <\/div>\n                                                    <div class=\"col-lg-6\">\n                                <div class=\"price-table card\">\n                                    <h3>Personnalis\u00e9<\/h3>\n                                                                            <div class=\"row price-table-services-list\">\n                                                                                            <div class=\"col-6\">\n                                                    <div class=\"price-table-service\">\n                                                                                                                    <img decoding=\"async\" src=\"https:\/\/www.seedup.ch\/app\/uploads\/2024\/09\/plus.svg\" alt=\"\" \/>\n                                                                                                                <h4>\n                                                            Forfaits                                                            <span class=\"note-ref\">[2]<\/span>                                                        <\/h4>\n                                                                                                                    <span class=\"relation-mark\">ou<\/span>\n                                                                                                            <\/div>\n                                                <\/div>\n                                                                                            <div class=\"col-6\">\n                                                    <div class=\"price-table-service\">\n                                                                                                                    <img decoding=\"async\" src=\"https:\/\/www.seedup.ch\/app\/uploads\/2024\/09\/hour.svg\" alt=\"\" \/>\n                                                                                                                <h4>\n                                                            Tarif \u00e0 l&rsquo;heure                                                            <span class=\"note-ref\">[2]<\/span>                                                        <\/h4>\n                                                                                                            <\/div>\n                                                <\/div>\n                                                                                    <\/div>\n                                                                        <div class=\"price-table-content\">\n                                        <div class=\"flex-shrink-0 flex flex-col relative items-end\">\n<div class=\"pt-0\">\n<div class=\"gizmo-bot-avatar flex h-8 w-8 items-center justify-center overflow-hidden rounded-full\">\n<ul>\n<li>Un acc\u00e8s suppl\u00e9mentaire \u00e0 des services juridiques plus sp\u00e9cifiques est disponible pour les entreprises en croissance et celles en phase de d\u00e9veloppement. Vous b\u00e9n\u00e9ficiez de l&rsquo;expertise juridique de haut niveau n\u00e9cessaire pour traiter des questions complexes telles que la fiscalit\u00e9, la propri\u00e9t\u00e9 intellectuelle ou toute autre question juridique.<\/li>\n<li>Nous proposons \u00e9galement des services juridiques aux investisseurs (business angels, venture capitalists).<\/li>\n<li>Nous travaillons \u00e0 des tarifs \u00e9quitables : forfaits ou tarifs horaires, en fonction de vos besoins et pr\u00e9f\u00e9rences.<\/li>\n<\/ul>\n<\/div>\n<\/div>\n<\/div>\n<div class=\"group\/conversation-turn relative flex w-full min-w-0 flex-col agent-turn\">\n<div class=\"flex-col gap-1 md:gap-3\">\n<div class=\"flex max-w-full flex-col flex-grow\">\n<div class=\"min-h-8 text-message flex w-full flex-col items-end gap-2 whitespace-normal break-words text-start [.text-message+&amp;]:mt-5\" dir=\"auto\" data-message-author-role=\"assistant\" data-message-id=\"31bc7025-3f5a-4481-a0ab-ac1cfe2b6ffd\" data-message-model-slug=\"gpt-4o-mini\">\n<div class=\"flex w-full flex-col gap-1 empty:hidden first:pt-[3px]\">\n<div class=\"markdown prose w-full break-words dark:prose-invert dark\"><\/div>\n<\/div>\n<\/div>\n<\/div>\n<\/div>\n<\/div>\n                                                                                    <a class=\"btn\" href=\"mailto:info@seedup.ch\" target=\"_self\">Nous contacter<\/a>\n                                                                            <\/div>\n                                <\/div>\n                            <\/div>\n                                            <\/div>\n                <\/div>\n                <div class=\"price-tables-note\">\n                                            <ul>\n                            <li><span>[1]<\/span> <p>Les prix sont ajust\u00e9s en fonction de facteurs sp\u00e9cifiques \u00e0 votre startup, notamment son stade de d\u00e9veloppement et sa capacit\u00e9 de financement.<\/p>\n<\/li><li><span>[2]<\/span> <p>De tels services seraient fournis par <a href=\"https:\/\/kellerhals-carrard.ch\/\" target=\"_blank\" rel=\"noopener\">Kellerhals Carrard<\/a>.<\/p>\n<\/li>                        <\/ul>\n                                    <\/div>\n            <\/div>\n        <\/div>\n    <\/section>\n\n\n\n<section class=\"wp-block-group alignfull is-style-section has-gray-color-background-color has-background\"><div class=\"container\"><div class=\"wp-bootstrap-blocks-row row justify-content-center\">\n\t\n\n<div class=\"col-12 col-md-8\">\n\t\t\t\n\n<h2 class=\"wp-block-heading has-text-align-center\">Nos partenaires<\/h2>\n\n\n\n<p class=\"has-text-align-center\" style=\"margin-bottom:50px\"><br>Nous travaillons avec une \u00e9quipe d&rsquo;experts pour garantir que tous les aspects de vos besoins sont pris en charge.<\/p>\n\n\t<\/div>\n\n<\/div>\n\n\n\n            <div class=\"cta-container \" id=\"block_7c8926b7f9a246acdc93d673aa572d61\" style=\"margin-bottom:50px;\">\n            <div class=\"row\">\n                                    <div class=\"col-md-6 col-lg-4 template-2\">\n                        <div class=\"cta-card\">\n                                                            <div class=\"img-wrap\">\n                                    <img decoding=\"async\" src=\"https:\/\/www.seedup.ch\/app\/uploads\/2024\/12\/calculator-simple-light.svg\" alt=\"\">\n                                <\/div>\n                                                                                        <h3>Services comptables<\/h3>\n                                                                                        <p>B\u00e9n\u00e9ficiez de notre r\u00e9seau d&rsquo;experts-comptables sp\u00e9cialis\u00e9s, qui comprennent les besoins uniques des startups, et assurent une gestion financi\u00e8re fluide sans complications inutiles. Nous vous recommandons des professionnels de confiance \u00e0 des tarifs abordables.<\/p>\n                                                    <\/div>\n                    <\/div>\n                                    <div class=\"col-md-6 col-lg-4 template-2\">\n                        <div class=\"cta-card\">\n                                                            <div class=\"img-wrap\">\n                                    <img decoding=\"async\" src=\"https:\/\/www.seedup.ch\/app\/uploads\/2024\/12\/magnifying-glass-light.svg\" alt=\"\">\n                                <\/div>\n                                                                                        <h3>Services d&#039;audit<\/h3>\n                                                                                        <p>Acc\u00e9dez \u00e0 notre r\u00e9seau de professionnels de l&rsquo;audit exp\u00e9riment\u00e9s, sp\u00e9cialis\u00e9s dans les startups. Que vous ayez besoin d&rsquo;un commissaire aux comptes ou d&rsquo;un soutien sp\u00e9cifique en audit, nous pouvons vous mettre en relation avec des experts de confiance \u00e0 des tarifs abordables.<\/p>\n                                                    <\/div>\n                    <\/div>\n                                    <div class=\"col-md-6 col-lg-4 template-2\">\n                        <div class=\"cta-card\">\n                                                            <div class=\"img-wrap\">\n                                    <img decoding=\"async\" src=\"https:\/\/www.seedup.ch\/app\/uploads\/2024\/12\/stamp-light.svg\" alt=\"\">\n                                <\/div>\n                                                                                        <h3>Services notariaux<\/h3>\n                                                                                        <div class=\"flex-shrink-0 flex flex-col relative items-end\">\n<div>\n<div class=\"pt-0\">\n<div class=\"gizmo-bot-avatar flex h-8 w-8 items-center justify-center overflow-hidden rounded-full\">\n<div class=\"relative p-1 rounded-sm flex items-center justify-center bg-token-main-surface-primary text-token-text-primary h-8 w-8\">Profitez de notre r\u00e9seau de notaires exp\u00e9riment\u00e9s, familiers avec les exigences sp\u00e9cifiques des startups, pour garantir des services notariaux pr\u00e9cis et fiables. De la cr\u00e9ation de l&rsquo;entreprise aux augmentations de capital et aux fusions, nous pouvons vous orienter vers des professionnels de confiance \u00e0 des tarifs comp\u00e9titifs.<\/div>\n<\/div>\n<\/div>\n<\/div>\n<\/div>\n                                                    <\/div>\n                    <\/div>\n                            <\/div>\n        <\/div>\n    \n\n\n<p class=\"has-text-align-center\"><br><br>\u00ab L&rsquo;avantage de travailler avec ces experts r\u00e9side dans le fait qu&rsquo;ils sont familiers avec l&rsquo;univers des startups et peuvent vous proposer des tarifs sp\u00e9ciaux Seed Up. \u00bb<\/p>\n\n\n\n<div class=\"wp-block-buttons is-content-justification-center is-layout-flex wp-container-core-buttons-is-layout-16018d1d wp-block-buttons-is-layout-flex\">\n<div class=\"wp-block-button\"><a class=\"wp-block-button__link wp-element-button\" href=\"https:\/\/www.seedup.ch\/fr\/contact\/\">Nous contacter<\/a><\/div>\n<\/div>\n<\/div><\/section>\n","protected":false},"excerpt":{"rendered":"<p>\u00ab L&rsquo;avantage de travailler avec ces experts r\u00e9side dans le fait qu&rsquo;ils sont familiers avec l&rsquo;univers des startups et peuvent vous proposer des tarifs sp\u00e9ciaux Seed Up. \u00bb<\/p>\n","protected":false},"author":1,"featured_media":0,"parent":0,"menu_order":0,"comment_status":"closed","ping_status":"closed","template":"","meta":{"_acf_changed":false,"footnotes":""},"class_list":["post-3736","page","type-page","status-publish","hentry"],"acf":[],"aioseo_notices":[],"_links":{"self":[{"href":"https:\/\/www.seedup.ch\/fr\/wp-json\/wp\/v2\/pages\/3736","targetHints":{"allow":["GET"]}}],"collection":[{"href":"https:\/\/www.seedup.ch\/fr\/wp-json\/wp\/v2\/pages"}],"about":[{"href":"https:\/\/www.seedup.ch\/fr\/wp-json\/wp\/v2\/types\/page"}],"author":[{"embeddable":true,"href":"https:\/\/www.seedup.ch\/fr\/wp-json\/wp\/v2\/users\/1"}],"replies":[{"embeddable":true,"href":"https:\/\/www.seedup.ch\/fr\/wp-json\/wp\/v2\/comments?post=3736"}],"version-history":[{"count":10,"href":"https:\/\/www.seedup.ch\/fr\/wp-json\/wp\/v2\/pages\/3736\/revisions"}],"predecessor-version":[{"id":4819,"href":"https:\/\/www.seedup.ch\/fr\/wp-json\/wp\/v2\/pages\/3736\/revisions\/4819"}],"wp:attachment":[{"href":"https:\/\/www.seedup.ch\/fr\/wp-json\/wp\/v2\/media?parent=3736"}],"curies":[{"name":"wp","href":"https:\/\/api.w.org\/{rel}","templated":true}]}}