{"id":1909,"date":"2024-07-25T18:09:27","date_gmt":"2024-07-25T16:09:27","guid":{"rendered":"https:\/\/www.seedup.ch\/community\/"},"modified":"2025-06-18T10:52:34","modified_gmt":"2025-06-18T08:52:34","slug":"communaute","status":"publish","type":"page","link":"https:\/\/www.seedup.ch\/fr\/communaute\/","title":{"rendered":"Communaut\u00e9"},"content":{"rendered":"\n            <section class=\"key-number-container \"  style=\"\">\n            <div class=\"row\">\n                                    <div class=\"col-lg-4\">\n                        <div class=\"key-number\">\n                            <div class=\"key-number-content\">\n                                                                    <h6>Startups<\/h6>\n                                                                                                    <p>Des id\u00e9es ambitieuses aux entreprises prosp\u00e8res, nous avons le privil\u00e8ge de soutenir les startups alors qu&rsquo;elles fa\u00e7onnent l&rsquo;avenir.<\/p>\n                                                                                            <\/div>\n                        <\/div>\n                    <\/div>\n                                    <div class=\"col-lg-4\">\n                        <div class=\"key-number\">\n                            <div class=\"key-number-content\">\n                                                                    <h6>Membres<\/h6>\n                                                                                                    <p>Les grandes entreprises commencent par des fondateurs visionnaires. Nous sommes fiers d&rsquo;\u00eatre le partenaire de confiance des entrepreneurs exceptionnels.<\/p>\n                                                                                            <\/div>\n                        <\/div>\n                    <\/div>\n                                    <div class=\"col-lg-4\">\n                        <div class=\"key-number\">\n                            <div class=\"key-number-content\">\n                                                                    <h6>Industrie<\/h6>\n                                                                                                    <p>Quel que soit votre secteur d&rsquo;activit\u00e9 ou le domaine que vous r\u00e9volutionnez, nous sommes l\u00e0 pour offrir un accompagnement juridique sur mesure aux startups de tous les secteurs.<\/p>\n                                                                                            <\/div>\n                        <\/div>\n                    <\/div>\n                            <\/div>\n        <\/section>\n    \n\n\n    <section class=\"startups-list \" id=\"block_504da57a15358e076d59e133e672ae44\" style=\"\" data-max-post=\"7\">\n        <div class=\"filters\">\n            <div class=\"row\">\n                <div class=\"col-md-6\">\n                    <label>Trouver une startup<\/label>\n                    <input type=\"text\" placeholder=\"Recherche\" class=\"search-filter\">\n                <\/div>\n                <div class=\"col-md-2\">\n                    <label>Industrie<\/label>\n                    <div class=\"multi-select dropdown\"><span class=\"current\">Tout<\/span><ul class=\"category-filter list\"><li data-value=\"\" class=\"option all active\">Tout<\/li><li class=\"option\" data-value=\"367\">AgriTech<\/li><li class=\"option\" data-value=\"115\">BioTech<\/li><li class=\"option\" data-value=\"372\">CleanTech<\/li><li class=\"option\" data-value=\"374\">Consumer Goods<\/li><li class=\"option\" data-value=\"567\">DeepTech<\/li><li class=\"option\" data-value=\"376\">EdTech<\/li><li class=\"option\" data-value=\"379\">FinTech<\/li><li class=\"option\" data-value=\"380\">FoodTech<\/li><li class=\"option\" data-value=\"381\">Future of work<\/li><li class=\"option\" data-value=\"384\">GreenTech<\/li><li class=\"option\" data-value=\"403\">HealthTech<\/li><li class=\"option\" data-value=\"402\">IT<\/li><li class=\"option\" data-value=\"398\">LabTech<\/li><li class=\"option\" data-value=\"395\">Logistics<\/li><li class=\"option\" data-value=\"394\">Martech<\/li><li class=\"option\" data-value=\"393\">MedTech<\/li><li class=\"option\" data-value=\"391\">MobiTech<\/li><li class=\"option\" data-value=\"390\">NeuroTech<\/li><li class=\"option\" data-value=\"386\">Retail<\/li><li class=\"option\" data-value=\"408\">SportsTech<\/li><li class=\"option\" data-value=\"410\">TravelTech<\/li><\/ul><\/div>                <\/div>\n                <div class=\"col-md-2\">\n                    <label>R\u00e9gion<\/label>\n                    <div class=\"multi-select dropdown\"><span class=\"current\">Tout<\/span><ul class=\"region-filter list\"><li data-value=\"\" class=\"option all active\">Tout<\/li><li class=\"option\" data-value=\"422\">Bienne<\/li><li class=\"option\" data-value=\"430\">Ecublens<\/li><li class=\"option\" data-value=\"412\">Epalinges<\/li><li class=\"option\" data-value=\"435\">Fribourg<\/li><li class=\"option\" data-value=\"419\">Gen\u00e8ve<\/li><li class=\"option\" data-value=\"440\">Goumo\u00ebns<\/li><li class=\"option\" data-value=\"280\">Lancy<\/li><li class=\"option\" data-value=\"411\">Lausanne<\/li><li class=\"option\" data-value=\"420\">Le Ch\u00e2ble VS<\/li><li class=\"option\" data-value=\"434\">Lutry<\/li><li class=\"option\" data-value=\"436\">Marly<\/li><li class=\"option\" data-value=\"433\">Martigny<\/li><li class=\"option\" data-value=\"431\">Morges<\/li><li class=\"option\" data-value=\"426\">Prilly<\/li><li class=\"option\" data-value=\"439\">Pully<\/li><li class=\"option\" data-value=\"427\">Romont<\/li><li class=\"option\" data-value=\"541\">Saint-Prex<\/li><li class=\"option\" data-value=\"425\">Sion<\/li><li class=\"option\" data-value=\"441\">Th\u00f4nex<\/li><li class=\"option\" data-value=\"114\">Universit\u00e9 de Lausanne &#8211; Epalinges<\/li><li class=\"option\" data-value=\"432\">Vevey<\/li><li class=\"option\" data-value=\"516\">Veyrier<\/li><li class=\"option\" data-value=\"418\">Z\u00fcrich<\/li><\/ul><\/div>                <\/div>\n                <div class=\"col-md-2\">\n                    <label>Date de cr\u00e9ation<\/label>\n                    <select class=\"year-filter\"><option value=\"\">Tout<\/option><option value=\"2025\">2025<\/option><option value=\"2024\">2024<\/option><option value=\"2023\">2023<\/option><option value=\"2022\">2022<\/option><option value=\"2021\">2021<\/option><option value=\"2020\">2020<\/option><option value=\"2019\">2019<\/option><option value=\"2018\">2018<\/option><option value=\"2016\">2016<\/option><option value=\"2014\">2014<\/option><\/select>\n                    <input type=\"hidden\" name=\"base\" value=\"https:\/\/www.seedup.ch\/fr\/wp-json\/wp\/v2\/pages\/1909\/\" \/>\n                <\/div>\n            <\/div>\n        <\/div>\n        <div class=\"section\">\n            <div class=\"startups-table\">\n                <table>\n                    <thead>\n                        <tr>\n                            <th colspan=\"5\">Startup<i class=\"icon-arrow sort-alpha\"><\/i><\/th>\n                            <!-- <th>Cat\u00e9gorie<\/th>\n                            <th>R\u00e9gion<\/th>\n                            <th>Date de cr\u00e9ation<\/th>\n                            <th>Members<\/th> -->\n                        <\/tr>\n                    <\/thead>\n                    <tbody>\n                        \n\n<tr onclick=\"window.location='https:\/\/www.seedup.ch\/fr\/communaute\/hiya-healthcare-sa\/'\">\n    <td>\n        <div class=\"startup-info\">\n                            <div class=\"img-wrap\">\n                    <img decoding=\"async\" src=\"https:\/\/www.seedup.ch\/app\/uploads\/2025\/10\/Symbol-6.png\" alt=\"\">                <\/div>\n                        <div class=\"txt-wrap\">\n                <h3>Hiya Healthcare S\u00e0rl<\/h3>\n                <span class=\"website\">https:\/\/home.hiyahealthcare.com<\/span>\n            <\/div>\n        <\/div>\n    <\/td>\n    <td>\n                    <div class=\"categories\">\n                                    <span class=\"category\">HealthTech<\/span>\n                            <\/div>\n            <\/td>\n    <td>\n        Lausanne    <\/td>\n    <td>\n        2025    <\/td>\n    <td>\n                    <ul class=\"members members-list\">\n                                        <li class=\"member\">\n                            <img decoding=\"async\" src=\"https:\/\/www.seedup.ch\/app\/uploads\/2025\/10\/Iman-colour-scaled.jpg\" alt=\"\" \/>                        <\/li>\n                                            <li class=\"member\">\n                            <img decoding=\"async\" src=\"https:\/\/www.seedup.ch\/app\/uploads\/2025\/10\/Sally-colour-scaled.jpeg\" alt=\"\" \/>                        <\/li>\n                                            <li class=\"member\">\n                            <img decoding=\"async\" src=\"https:\/\/www.seedup.ch\/app\/uploads\/2025\/10\/WhatsApp-Image-2025-10-09-at-18.24.50.jpeg\" alt=\"\" \/>                        <\/li>\n                                <\/ul>\n            <\/td>\n<\/tr>\n\n<tr onclick=\"window.location='https:\/\/www.seedup.ch\/fr\/communaute\/rhonxeum-sarl\/'\">\n    <td>\n        <div class=\"startup-info\">\n                            <div class=\"img-wrap\">\n                    <img decoding=\"async\" src=\"https:\/\/www.seedup.ch\/app\/uploads\/2026\/02\/Purple-Version.svg\" alt=\"\">                <\/div>\n                        <div class=\"txt-wrap\">\n                <h3>Rhonxeum S\u00e0rl<\/h3>\n                <span class=\"website\">https:\/\/rhonexum.com\/<\/span>\n            <\/div>\n        <\/div>\n    <\/td>\n    <td>\n                    <div class=\"categories\">\n                                    <span class=\"category\">DeepTech<\/span>\n                            <\/div>\n            <\/td>\n    <td>\n        Lausanne    <\/td>\n    <td>\n        2025    <\/td>\n    <td>\n                    <ul class=\"members members-list\">\n                                        <li class=\"member\">\n                            <img decoding=\"async\" src=\"https:\/\/www.seedup.ch\/app\/uploads\/2026\/02\/Vicente.jpg\" alt=\"\" \/>                        <\/li>\n                                            <li class=\"member\">\n                            <img decoding=\"async\" src=\"https:\/\/www.seedup.ch\/app\/uploads\/2026\/02\/hungchi.png\" alt=\"\" \/>                        <\/li>\n                                <\/ul>\n            <\/td>\n<\/tr>\n\n<tr onclick=\"window.location='https:\/\/www.seedup.ch\/fr\/communaute\/myriad-optics-sa\/'\">\n    <td>\n        <div class=\"startup-info\">\n                            <div class=\"img-wrap\">\n                    <img decoding=\"async\" src=\"https:\/\/www.seedup.ch\/app\/uploads\/2025\/09\/thumbnail_Bioneris-monogram.png\" alt=\"\">                <\/div>\n                        <div class=\"txt-wrap\">\n                <h3>Bioneris SA<\/h3>\n                <span class=\"website\">https:\/\/www.bioneris.com<\/span>\n            <\/div>\n        <\/div>\n    <\/td>\n    <td>\n                    <div class=\"categories\">\n                                    <span class=\"category\">BioTech<\/span>\n                            <\/div>\n            <\/td>\n    <td>\n        Ecublens    <\/td>\n    <td>\n        2025    <\/td>\n    <td>\n                    <ul class=\"members members-list\">\n                                        <li class=\"member\">\n                            <img decoding=\"async\" src=\"https:\/\/www.seedup.ch\/app\/uploads\/2024\/07\/MarwanElChazli.jpg\" alt=\"\" \/>                        <\/li>\n                                <\/ul>\n            <\/td>\n<\/tr>\n\n<tr onclick=\"window.location='https:\/\/www.seedup.ch\/fr\/communaute\/alsensia-sa\/'\">\n    <td>\n        <div class=\"startup-info\">\n                            <div class=\"img-wrap\">\n                    <img decoding=\"async\" src=\"https:\/\/www.seedup.ch\/app\/uploads\/2025\/04\/Logo-original.png\" alt=\"\">                <\/div>\n                        <div class=\"txt-wrap\">\n                <h3>Alsensia SA<\/h3>\n                <span class=\"website\">https:\/\/www.alsensia.ch<\/span>\n            <\/div>\n        <\/div>\n    <\/td>\n    <td>\n                    <div class=\"categories\">\n                                    <span class=\"category\">HealthTech<\/span>\n                            <\/div>\n            <\/td>\n    <td>\n        Saint-Prex    <\/td>\n    <td>\n        2025    <\/td>\n    <td>\n                    <ul class=\"members members-list\">\n                                        <li class=\"member\">\n                            <img decoding=\"async\" src=\"https:\/\/www.seedup.ch\/app\/uploads\/2025\/10\/1683031847743-2.jpeg\" alt=\"\" \/>                        <\/li>\n                                            <li class=\"member\">\n                            <img decoding=\"async\" src=\"https:\/\/www.seedup.ch\/app\/uploads\/2025\/10\/E8867DEC-E9CF-41B7-A61A-AAEA34983B00.jpeg\" alt=\"\" \/>                        <\/li>\n                                <\/ul>\n            <\/td>\n<\/tr>\n\n<tr onclick=\"window.location='https:\/\/www.seedup.ch\/fr\/communaute\/benign-sa\/'\">\n    <td>\n        <div class=\"startup-info\">\n                            <div class=\"img-wrap\">\n                    <img decoding=\"async\" src=\"https:\/\/www.seedup.ch\/app\/uploads\/2024\/11\/LOGO-2A_clear.svg\" alt=\"\">                <\/div>\n                        <div class=\"txt-wrap\">\n                <h3>Benign SA<\/h3>\n                <span class=\"website\">https:\/\/www.benign.ch<\/span>\n            <\/div>\n        <\/div>\n    <\/td>\n    <td>\n                    <div class=\"categories\">\n                                    <span class=\"category\">IT<\/span>\n                            <\/div>\n            <\/td>\n    <td>\n        Z\u00fcrich    <\/td>\n    <td>\n        2024    <\/td>\n    <td>\n                    <ul class=\"members members-list\">\n                                        <li class=\"member\">\n                            <img decoding=\"async\" src=\"https:\/\/www.seedup.ch\/app\/uploads\/2024\/11\/1728780029922.jpeg\" alt=\"\" \/>                        <\/li>\n                                            <li class=\"member\">\n                            <img decoding=\"async\" src=\"https:\/\/www.seedup.ch\/app\/uploads\/2024\/12\/1725997778608.jpeg\" alt=\"\" \/>                        <\/li>\n                                <\/ul>\n            <\/td>\n<\/tr>\n\n<tr onclick=\"window.location='https:\/\/www.seedup.ch\/fr\/communaute\/brainscape-medical-sa\/'\">\n    <td>\n        <div class=\"startup-info\">\n                            <div class=\"img-wrap\">\n                    <img decoding=\"async\" src=\"https:\/\/www.seedup.ch\/app\/uploads\/2024\/10\/BrainScape_Logo_Full_Black-1-e1731944560370.png\" alt=\"\">                <\/div>\n                        <div class=\"txt-wrap\">\n                <h3>BrainScape Medical SA<\/h3>\n                <span class=\"website\">https:\/\/www.brainscape-medical.com\/<\/span>\n            <\/div>\n        <\/div>\n    <\/td>\n    <td>\n                    <div class=\"categories\">\n                                    <span class=\"category\">NeuroTech<\/span>\n                            <\/div>\n            <\/td>\n    <td>\n        Gen\u00e8ve    <\/td>\n    <td>\n        2024    <\/td>\n    <td>\n                    <ul class=\"members members-list\">\n                                        <li class=\"member\">\n                            <img decoding=\"async\" src=\"https:\/\/www.seedup.ch\/app\/uploads\/2024\/11\/profile_ljohnson.png\" alt=\"\" \/>                        <\/li>\n                                            <li class=\"member\">\n                            <img decoding=\"async\" src=\"https:\/\/www.seedup.ch\/app\/uploads\/2024\/11\/Kouvas_Portrait.jpeg\" alt=\"\" \/>                        <\/li>\n                                            <li class=\"member\">\n                            <img decoding=\"async\" src=\"https:\/\/www.seedup.ch\/app\/uploads\/2024\/11\/Steven-Laken.jpeg\" alt=\"\" \/>                        <\/li>\n                                <\/ul>\n            <\/td>\n<\/tr>\n\n<tr onclick=\"window.location='https:\/\/www.seedup.ch\/fr\/communaute\/tosco-sa\/'\">\n    <td>\n        <div class=\"startup-info\">\n                            <div class=\"img-wrap\">\n                    <img decoding=\"async\" src=\"https:\/\/www.seedup.ch\/app\/uploads\/2024\/12\/T.svg\" alt=\"\">                <\/div>\n                        <div class=\"txt-wrap\">\n                <h3>Tosco SA<\/h3>\n                <span class=\"website\"><\/span>\n            <\/div>\n        <\/div>\n    <\/td>\n    <td>\n                    <div class=\"categories\">\n                                    <span class=\"category\">FoodTech<\/span>\n                            <\/div>\n            <\/td>\n    <td>\n        Vevey    <\/td>\n    <td>\n        2024    <\/td>\n    <td>\n                    <ul class=\"members members-list\">\n                                        <li class=\"member\">\n                            <img decoding=\"async\" src=\"https:\/\/www.seedup.ch\/app\/uploads\/2024\/11\/1567451512310.jpeg\" alt=\"\" \/>                        <\/li>\n                                <\/ul>\n            <\/td>\n<\/tr>\n                    <\/tbody>\n                <\/table>\n                <div class=\"loader\"><\/div>\n            <\/div>\n                            <div class=\"pagination\">\n                                        <div class=\"pagination-inner\">\n                        <span aria-current=\"page\" class=\"page-numbers current\">1<\/span>\n<a class=\"page-numbers\" href=\"https:\/\/www.seedup.ch\/fr\/wp-json\/wp\/v2\/pages\/1909\/page\/2\/\">2<\/a>\n<a class=\"page-numbers\" href=\"https:\/\/www.seedup.ch\/fr\/wp-json\/wp\/v2\/pages\/1909\/page\/3\/\">3<\/a>\n<span class=\"page-numbers dots\">\u2026<\/span>\n<a class=\"page-numbers\" href=\"https:\/\/www.seedup.ch\/fr\/wp-json\/wp\/v2\/pages\/1909\/page\/6\/\">6<\/a>                    <\/div>\n                                            <a class=\"next button\" data-page=\"2\" href=\"https:\/\/www.seedup.ch\/fr\/wp-json\/wp\/v2\/pages\/1909\/page\/2\/\">next<i class=\"fal fa-arrow-right\"><\/i><\/a>\n                                    <\/div>\n                                    <\/div>\n    <\/section>\n\n\n\n<section class=\"wp-block-group alignfull is-style-section has-gray-color-background-color has-background\"><div class=\"container\"><div class=\"wp-bootstrap-blocks-row row is-style-space-evenly align-items-center\">\n\t\n\n<div class=\"col-12 col-md-5\">\n\t\t\t<div class=\"h-100 d-flex flex-column justify-content-center\">\n\t\t\t\n\n<h2 class=\"wp-block-heading\">Rejoignez notre communaut\u00e9<\/h2>\n\n\n\n<ul class=\"wp-block-list is-style-checklist\">\n<li>Communaut\u00e9 exclusive de fondateurs<\/li>\n\n\n\n<li>\u00c9cosyst\u00e8me d&rsquo;experts<\/li>\n\n\n\n<li>Soutien complet<\/li>\n<\/ul>\n\n\n\n<div class=\"wp-block-buttons is-layout-flex wp-block-buttons-is-layout-flex\">\n<div class=\"wp-block-button\"><a class=\"wp-block-button__link wp-element-button\" href=\"https:\/\/www.seedup.ch\/fr\/communaute\/\">Notre communaut\u00e9<\/a><\/div>\n<\/div>\n\n\t\t<\/div>\n\t<\/div>\n\n\n\n<div class=\"col-12 col-md-4\">\n\t\t\t\n\n    <div class=\"random-startups-tokens is-style-mobile-width-70 \" id=\"block_f74d5178ece84c38129312d5b3fcdc01\" style=\"\">\n                    <div class=\"startup-token\">\n                <a href=\"https:\/\/www.seedup.ch\/fr\/communaute\/alsensia-sa\/\">\n                    <img decoding=\"async\" src=\"https:\/\/www.seedup.ch\/app\/uploads\/2025\/04\/Logo-original.png\" alt=\"\">                <\/a>\n            <\/div>\n\n                    <div class=\"startup-token\">\n                <a href=\"https:\/\/www.seedup.ch\/fr\/communaute\/naturalpes-sa\/\">\n                    <img decoding=\"async\" src=\"https:\/\/www.seedup.ch\/app\/uploads\/2024\/07\/Logo_naturalpes_2022_Original-e1730211377107.jpg\" alt=\"\">                <\/a>\n            <\/div>\n\n                    <div class=\"startup-token\">\n                <a href=\"https:\/\/www.seedup.ch\/fr\/communaute\/sensars-sarl\/\">\n                    <img decoding=\"async\" src=\"https:\/\/www.seedup.ch\/app\/uploads\/2024\/12\/sensars-logo-news.png\" alt=\"\">                <\/a>\n            <\/div>\n\n                    <div class=\"startup-token\">\n                <a href=\"https:\/\/www.seedup.ch\/fr\/communaute\/edutrust-sa\/\">\n                    <img decoding=\"async\" src=\"https:\/\/www.seedup.ch\/app\/uploads\/2025\/11\/logo_edutrust-symbole.svg\" alt=\"\">                <\/a>\n            <\/div>\n\n                    <div class=\"startup-token\">\n                <a href=\"https:\/\/www.seedup.ch\/fr\/communaute\/sohhytec-sa\/\">\n                    <img loading=\"lazy\" decoding=\"async\" width=\"575\" height=\"415\" src=\"https:\/\/www.seedup.ch\/app\/uploads\/2024\/12\/sohhytec-logo-news.png\" class=\"post-image wp-post-image\" alt=\"\" srcset=\"https:\/\/www.seedup.ch\/app\/uploads\/2024\/12\/sohhytec-logo-news.png 575w, https:\/\/www.seedup.ch\/app\/uploads\/2024\/12\/sohhytec-logo-news-300x217.png 300w, https:\/\/www.seedup.ch\/app\/uploads\/2024\/12\/sohhytec-logo-news-416x300.png 416w\" sizes=\"auto, (max-width: 575px) 100vw, 575px\" \/>                <\/a>\n            <\/div>\n\n                    <div class=\"startup-token\">\n                <a href=\"https:\/\/www.seedup.ch\/fr\/communaute\/swissprimelab-sarl\/\">\n                    <img decoding=\"async\" src=\"https:\/\/www.seedup.ch\/app\/uploads\/2025\/07\/Logo_Swiss_Prime_Lab__1_-removebg-preview.png\" alt=\"\">                <\/a>\n            <\/div>\n\n                    <div class=\"startup-token\">\n                <a href=\"https:\/\/www.seedup.ch\/fr\/communaute\/alithea-genomics-sa\/\">\n                    <img decoding=\"async\" src=\"https:\/\/www.seedup.ch\/app\/uploads\/2021\/07\/alithea-small.svg\" alt=\"\">                <\/a>\n            <\/div>\n\n                    <div class=\"startup-token\">\n                <a href=\"https:\/\/www.seedup.ch\/fr\/communaute\/terasol-sa\/\">\n                    <img decoding=\"async\" src=\"https:\/\/www.seedup.ch\/app\/uploads\/2024\/12\/terasol-logo-news.png\" alt=\"\">                <\/a>\n            <\/div>\n\n            <\/div>\n\n\t<\/div>\n\n<\/div>\n<\/div><\/section>\n","protected":false},"excerpt":{"rendered":"","protected":false},"author":1,"featured_media":0,"parent":0,"menu_order":0,"comment_status":"closed","ping_status":"closed","template":"","meta":{"_acf_changed":false,"footnotes":""},"class_list":["post-1909","page","type-page","status-publish","hentry"],"acf":[],"aioseo_notices":[],"_links":{"self":[{"href":"https:\/\/www.seedup.ch\/fr\/wp-json\/wp\/v2\/pages\/1909","targetHints":{"allow":["GET"]}}],"collection":[{"href":"https:\/\/www.seedup.ch\/fr\/wp-json\/wp\/v2\/pages"}],"about":[{"href":"https:\/\/www.seedup.ch\/fr\/wp-json\/wp\/v2\/types\/page"}],"author":[{"embeddable":true,"href":"https:\/\/www.seedup.ch\/fr\/wp-json\/wp\/v2\/users\/1"}],"replies":[{"embeddable":true,"href":"https:\/\/www.seedup.ch\/fr\/wp-json\/wp\/v2\/comments?post=1909"}],"version-history":[{"count":7,"href":"https:\/\/www.seedup.ch\/fr\/wp-json\/wp\/v2\/pages\/1909\/revisions"}],"predecessor-version":[{"id":4820,"href":"https:\/\/www.seedup.ch\/fr\/wp-json\/wp\/v2\/pages\/1909\/revisions\/4820"}],"wp:attachment":[{"href":"https:\/\/www.seedup.ch\/fr\/wp-json\/wp\/v2\/media?parent=1909"}],"curies":[{"name":"wp","href":"https:\/\/api.w.org\/{rel}","templated":true}]}}